{"id":4780,"date":"2026-02-09T22:58:00","date_gmt":"2026-02-09T22:58:00","guid":{"rendered":"https:\/\/riosrainbow.org\/?page_id=4780"},"modified":"2026-02-14T03:07:49","modified_gmt":"2026-02-14T03:07:49","slug":"calendar-events","status":"publish","type":"page","link":"https:\/\/riosrainbow.org\/es\/calendar-events\/","title":{"rendered":"Calendario\/Eventos"},"content":{"rendered":"<figure class=\"wp-block-image size-large\"><img loading=\"lazy\" decoding=\"async\" width=\"1024\" height=\"576\" src=\"https:\/\/riosrainbow.org\/wp-content\/uploads\/2026\/02\/RR-Calendar-1-1024x576.jpg\" alt=\"\" class=\"wp-image-4811\" srcset=\"https:\/\/riosrainbow.org\/wp-content\/uploads\/2026\/02\/RR-Calendar-1-980x551.jpg 980w, https:\/\/riosrainbow.org\/wp-content\/uploads\/2026\/02\/RR-Calendar-1-480x270.jpg 480w\" sizes=\"(min-width: 0px) and (max-width: 480px) 480px, (min-width: 481px) and (max-width: 980px) 980px, (min-width: 981px) 1024px, 100vw\" \/><\/figure>\n\n\n\n<p>\ud83d\udc9c <strong>Reuni\u00f3n virtual de intercambio de historias de Griffith<br>Un espacio comunitario para la sanaci\u00f3n, la verdad y la conexi\u00f3n<\/strong><br>Organizado conjuntamente por Rio&#039;s Rainbow, la Coalici\u00f3n de Padres para la Seguridad y el Bienestar Infantil y el Proyecto Speak Our Truth<br>Gratuito \u2022 Virtual \u2022 Centrado en la comunidad<\/p>\n\n\n\n<p><strong>Registro y seguridad<br><\/strong>Para proteger la integridad, la confianza y la seguridad emocional de este espacio, se requiere registro para cualquier persona que planee asistir y especialmente para aquellos que deseen compartir su historia.<br><\/p>\n\n\n\n<p>Por favor reg\u00edstrate AQU\u00cd: <a href=\"https:\/\/docs.google.com\/forms\/d\/13Vw2FfnVG4XAM104lWLkdxs9_eUoQpPcLZuFsnBbQvw\/viewform?fbclid=IwY2xjawP4mYtleHRuA2FlbQIxMABicmlkETE2WENESEw3b002MXFqTzR5c3J0YwZhcHBfaWQQMjIyMDM5MTc4ODIwMDg5MgABHqpjdANb9FztYkvMGxh3mYLUT841id9wWtuaZTqfCIsjeU1gpfe7TcvjQkua_aem_JuzqUuvC-mwdb9qJiZgTTg&amp;edit_requested=true\" target=\"_blank\" rel=\"noopener\" title=\"\">https:\/\/docs.google.com\/forms\/d\/13Vw2FfnVG4XAM104lWLkdxs9_eUoQpPcLZuFsnBbQvw\/viewform?fbclid=IwY2xjawP4mYtleHRuA2FlbQIxMABicmlkETE2WENESEw3b002MXFqTzR5c3J0YwZhcHBfaWQQMjIyMDM5MTc4ODIwMDg5MgABHqpjdANb9FztYkvMGxh3mYLUT841id9wWtuaZTqfCIsjeU1gpfe7TcvjQkua_aem_JuzqUuvC-mwdb9qJiZgTTg&amp;edit_requested=true<\/a><\/p>\n\n\n\n<p><strong>Esto nos ayuda a:<\/strong><\/p>\n\n\n\n<ul class=\"wp-block-list\">\n<li>mantener un entorno confidencial y seguro<\/li>\n\n\n\n<li>garantizar que el espacio siga centrado en la comunidad<\/li>\n\n\n\n<li>prevenir interrupciones<\/li>\n\n\n\n<li>y crear un espacio donde todos se sientan seguros para hablar abiertamente.<br>Los detalles y el enlace virtual se compartir\u00e1n directamente con los participantes registrados.<br><strong>\u00bfPara qui\u00e9n es esto?<\/strong><br>J\u00f3venes, familias, cuidadores, educadores y miembros de la comunidad de Griffith afectados por el acoso, la p\u00e9rdida o la lucha continua por la seguridad infantil.<br><strong>Organizado por<\/strong><br>\ud83d\udc9c El arco\u00edris de R\u00edo<br>Coalici\u00f3n de Padres para la Seguridad y el Bienestar Infantil<br>Proyecto Habla Nuestra Verdad<br>Juntos, sostenemos este espacio con cuidado, compasi\u00f3n y confidencialidad.<br>Ven tal como eres.<br>Trae todo tu coraz\u00f3n.<br>No tienes que cargar con esto solo.<\/li>\n<\/ul>\n\n\n\n<figure class=\"wp-block-image size-large\"><img loading=\"lazy\" decoding=\"async\" width=\"1024\" height=\"576\" src=\"https:\/\/riosrainbow.org\/wp-content\/uploads\/2026\/02\/RR-Calendar-2-1024x576.jpg\" alt=\"\" class=\"wp-image-4813\" srcset=\"https:\/\/riosrainbow.org\/wp-content\/uploads\/2026\/02\/RR-Calendar-2-980x551.jpg 980w, https:\/\/riosrainbow.org\/wp-content\/uploads\/2026\/02\/RR-Calendar-2-480x270.jpg 480w\" sizes=\"(min-width: 0px) and (max-width: 480px) 480px, (min-width: 481px) and (max-width: 980px) 980px, (min-width: 981px) 1024px, 100vw\" \/><\/figure>\n\n\n\n<p style=\"font-size:17px\"><strong>S\u00e1bado 14\/03\/2026 <\/strong><\/p>\n\n\n\n<h4 class=\"wp-block-heading\">Recordando R\u00edo: Galletas y lienzo para el coraz\u00f3n<\/h4>\n\n\n\n<p>13:00 \u2013 16:00 horas<\/p>\n\n\n\n<p>Centro de eventos de Lexington, 112 E. Lexington Ave., Elkhart, IN<\/p>\n\n\n\n<p>Este evento conmemora el cuarto aniversario del fallecimiento de Rio. En memoria de su creatividad y alegr\u00eda, las familias participar\u00e1n en una experiencia de Galletas y Lienzo con oportunidades adaptadas a su edad para la expresi\u00f3n creativa, la reflexi\u00f3n y la convivencia.&nbsp;<\/p>\n\n\n\n<p>Las actividades incluyen decoraci\u00f3n de galletas gratuita, tatuajes de henna, pintura facial, m\u00fasica y el autob\u00fas m\u00f3vil de la Biblioteca P\u00fablica de Elkhart, que ofrece un libro gratis a cada ni\u00f1o. Tambi\u00e9n habr\u00e1 vendedores de la comunidad presentes para compartir recursos valiosos con los asistentes.&nbsp;<\/p>\n\n\n\n<figure class=\"wp-block-image size-large\"><img loading=\"lazy\" decoding=\"async\" width=\"1024\" height=\"576\" src=\"https:\/\/riosrainbow.org\/wp-content\/uploads\/2026\/02\/RR-Calendar-3-1024x576.jpg\" alt=\"\" class=\"wp-image-4816\" srcset=\"https:\/\/riosrainbow.org\/wp-content\/uploads\/2026\/02\/RR-Calendar-3-980x551.jpg 980w, https:\/\/riosrainbow.org\/wp-content\/uploads\/2026\/02\/RR-Calendar-3-480x270.jpg 480w\" sizes=\"(min-width: 0px) and (max-width: 480px) 480px, (min-width: 481px) and (max-width: 980px) 980px, (min-width: 981px) 1024px, 100vw\" \/><\/figure>\n\n\n\n<h3 class=\"wp-block-heading\">Jueves 30\/04\/2026<\/h3>\n\n\n\n<h4 class=\"wp-block-heading\">Proyecto &quot;Digamos nuestra verdad&quot;: Foro comunitario sobre seguridad infantil<\/h4>\n\n\n\n<p>18:00 \u2013 19:30<\/p>\n\n\n\n<p>Centro de eventos de Lexington, 112 E. Lexington Ave., Elkhart, IN<\/p>\n\n\n\n<p>Este ser\u00e1 nuestro primer foro comunitario que invitar\u00e1 a j\u00f3venes, padres y la comunidad en general a discutir abiertamente las preocupaciones sobre la seguridad infantil en el condado de Elkhart y explorar qu\u00e9 legislaci\u00f3n se necesita para abordar las brechas identificadas.&nbsp;<\/p>\n\n\n\n<p>Nos hemos asociado con la Iniciativa de Pol\u00edticas y Leyes para la Infancia (CPLI), que se unir\u00e1 a nosotros desde Indian\u00e1polis para hablar sobre c\u00f3mo empoderar a los j\u00f3venes locales como agentes de cambio y l\u00edderes c\u00edvicos.&nbsp;<\/p>\n\n\n\n<p>Los vendedores comunitarios tambi\u00e9n estar\u00e1n presentes para compartir recursos valiosos con los asistentes.<\/p>\n\n\n\n<figure class=\"wp-block-image size-large\"><img loading=\"lazy\" decoding=\"async\" width=\"1024\" height=\"576\" src=\"https:\/\/riosrainbow.org\/wp-content\/uploads\/2026\/02\/RR-Calendar-5-1024x576.jpg\" alt=\"\" class=\"wp-image-4823\" srcset=\"https:\/\/riosrainbow.org\/wp-content\/uploads\/2026\/02\/RR-Calendar-5-980x551.jpg 980w, https:\/\/riosrainbow.org\/wp-content\/uploads\/2026\/02\/RR-Calendar-5-480x270.jpg 480w\" sizes=\"(min-width: 0px) and (max-width: 480px) 480px, (min-width: 481px) and (max-width: 980px) 980px, (min-width: 981px) 1024px, 100vw\" \/><\/figure>\n\n\n\n<h3 class=\"wp-block-heading\">S\u00e1bado 09\/05\/2026<\/h3>\n\n\n\n<h4 class=\"wp-block-heading\">Noche de comedia para recaudar fondos para el D\u00eda de la Madre Arco\u00edris de R\u00edo<\/h4>\n\n\n\n<p>En asociaci\u00f3n con Pedigree Entertainment, esta noche especial contar\u00e1 con los comediantes Alex Ortiz, Chelsea Snedden y Kevin Williams, con la presentadora Marci Deloney.<\/p>\n\n\n\n<p><strong>Entradas:<\/strong>&nbsp;$30 Entrada general | $50 VIP<br>El 25% de todas las ganancias se donar\u00e1 a Rio&#039;s Rainbow para apoyar nuestra misi\u00f3n continua de lucha contra el acoso escolar y la seguridad infantil en Indiana.<\/p>\n\n\n\n<p>\u00a1Disfruta de barra libre toda la noche! Los invitados VIP reciben asientos en primera fila, dos boletos para bebidas gratis, la oportunidad de ganar entradas para el pr\u00f3ximo espect\u00e1culo de comedia y un encuentro exclusivo con los comediantes. \u00a1No te pierdas esta noche inolvidable de risas por una buena causa!&nbsp;<\/p>\n\n\n\n<p>Hacer clic&nbsp;<a href=\"https:\/\/www.eventbrite.com\/e\/pure-breeds-of-comedy-vol-3-mothers-day-edition-tickets-1980527527148?fbclid=IwY2xjawPnDd9leHRuA2FlbQIxMABicmlkETBqelF5bUd6NnlxTFV0WURKc3J0YwZhcHBfaWQQMjIyMDM5MTc4ODIwMDg5MgABHt5rgCUzwQ2DSQBZDsIbkuY-0VI2ldrc73ZRQzW4Hs6RRhBN-vtk-VaOhs_i_aem_Ljgf2AEUFSAAbWK5j_E5wg\" rel=\"noreferrer noopener\" target=\"_blank\">AQU\u00cd<\/a>&nbsp;\u00a1Compra tus entradas! Aseg\u00farate de comprarlas con antelaci\u00f3n, ya que se otorgan por orden de llegada y estos eventos se agotan r\u00e1pidamente.<\/p>","protected":false},"excerpt":{"rendered":"<p>\ud83d\udc9c Griffith Story-Sharing Virtual GatheringA Community Space for Healing, Truth, &amp; ConnectionCo-hosted by Rio\u2019s Rainbow, Parent Coalition for Child Safety &amp; Wellness, and Speak Our Truth ProjectFree \u2022 Virtual \u2022 Community-Centered Registration &amp; SafetyTo protect the integrity, trust, and emotional safety of this space, registration is required for anyone planning to attend and especially for [&hellip;]<\/p>\n","protected":false},"author":6,"featured_media":0,"parent":0,"menu_order":0,"comment_status":"closed","ping_status":"closed","template":"","meta":{"_et_pb_use_builder":"off","_et_pb_old_content":"<!-- wp:image {\"id\":4785,\"sizeSlug\":\"large\",\"linkDestination\":\"none\"} -->\n<figure class=\"wp-block-image size-large\"><img src=\"https:\/\/riosrainbow.org\/wp-content\/uploads\/2026\/02\/Untitled-design-3-1-1024x576.jpg\" alt=\"\" class=\"wp-image-4785\"\/><\/figure>\n<!-- \/wp:image -->","_et_gb_content_width":"","_coblocks_attr":"","_coblocks_dimensions":"","_coblocks_responsive_height":"","_coblocks_accordion_ie_support":"","_monsterinsights_skip_tracking":false,"_monsterinsights_sitenote_active":false,"_monsterinsights_sitenote_note":"","_monsterinsights_sitenote_category":0,"footnotes":""},"class_list":["post-4780","page","type-page","status-publish","hentry"],"aioseo_notices":[],"_links":{"self":[{"href":"https:\/\/riosrainbow.org\/es\/wp-json\/wp\/v2\/pages\/4780","targetHints":{"allow":["GET"]}}],"collection":[{"href":"https:\/\/riosrainbow.org\/es\/wp-json\/wp\/v2\/pages"}],"about":[{"href":"https:\/\/riosrainbow.org\/es\/wp-json\/wp\/v2\/types\/page"}],"author":[{"embeddable":true,"href":"https:\/\/riosrainbow.org\/es\/wp-json\/wp\/v2\/users\/6"}],"replies":[{"embeddable":true,"href":"https:\/\/riosrainbow.org\/es\/wp-json\/wp\/v2\/comments?post=4780"}],"version-history":[{"count":9,"href":"https:\/\/riosrainbow.org\/es\/wp-json\/wp\/v2\/pages\/4780\/revisions"}],"predecessor-version":[{"id":4824,"href":"https:\/\/riosrainbow.org\/es\/wp-json\/wp\/v2\/pages\/4780\/revisions\/4824"}],"wp:attachment":[{"href":"https:\/\/riosrainbow.org\/es\/wp-json\/wp\/v2\/media?parent=4780"}],"curies":[{"name":"gracias","href":"https:\/\/api.w.org\/{rel}","templated":true}]}}